
{"id":6743,"date":"2024-08-07T21:02:55","date_gmt":"2024-08-07T19:02:55","guid":{"rendered":"http:\/\/lamasiasallent.com\/?post_type=product&#038;p=6743"},"modified":"2026-04-23T12:02:08","modified_gmt":"2026-04-23T10:02:08","slug":"xec-regal-menu-degustacio","status":"publish","type":"product","link":"https:\/\/lamasiasallent.com\/es\/producto\/xec-regal-menu-degustacio\/","title":{"rendered":"Cheque regalo Men\u00fa Degustaci\u00f3n (CAT)"},"content":{"rendered":"<p>El <a href=\"https:\/\/lamasiasallent.com\/wp-content\/uploads\/menu-DEGUSTACIO-LaMasiaSallent-CAT.pdf\" target=\"_blank\" rel=\"noopener\">men\u00fa degustaci\u00f3n<\/a> de La Masia Sallent es perfecto para degustar distintos platos y elaboraciones de temporada que forman parte de nuestra esencia. Incluye un aperitivo, tres o cuatro entrantes (seg\u00fan temporada), un plato principal y un postre.<br \/>\n*Caf\u00e9s y bebidas no est\u00e1n incluidas, pero siempre puedes a\u00f1adir el importe que quieras a trav\u00e9s del desplegable que encontrar\u00e1s de \"bebidas o extras\".<br \/>\n**Al llegar al restaurante, si el men\u00fa degustaci\u00f3n vigente no se adecua a sus preferencias, tendr\u00e1n la posibilidad de escoger platos de la carta hasta el valor total del cheque regalo.<\/p>\n<p><span>Una vez seleccionado el producto, acceder\u00e1s al formulario de pago, y una vez realizado, recibir\u00e1s un correo electr\u00f3nico de confirmaci\u00f3n con el cheque regalo para poder descargarlo (en esta opci\u00f3n el vale regalo (pdf) estar\u00e1 en espa\u00f1ol, si lo quieres en catal\u00e1n haz click aqu\u00ed). <strong>catal\u00e0<\/strong>, si vols el xec en castell\u00e0 fes click <a href=\"https:\/\/lamasiasallent.com\/es\/producto\/xec-regal-menu-degustacio-es\/\" rel=\"noopener\">aqu\u00ed.<\/a><\/span><\/p>\n<ul>\n<li>Disponible todos los mediod\u00edas entre semana (excepto lunes, que cerramos) y las noches de jueves a s\u00e1bado<\/li>\n<li><span>Para formalizar la reserva deben llamar y comunicar el c\u00f3digo incluido en el cheque regalo<\/span><\/li>\n<li>Validez 1 a\u00f1o desde la fecha de compra<\/li>\n<\/ul>\n<p><span>Para grupos mayores de 10 personas recomendamos que te pongas en contacto con nosotros a trav\u00e9s de v\u00eda telef\u00f3nica o Whatsapp al 93 744 70 11 (tenemos Whatsapp en el fijo).<\/span><\/p>","protected":false},"excerpt":{"rendered":"<p>Regala la experiencia de venir a La Masia Sallent y sorprende a tus queridos con este men\u00fa degustaci\u00f3n. <span>En esta opci\u00f3n el texto del vale regalo (pdf) estar\u00e1 en catal\u00e1n, si quieres el cheque en espa\u00f1ol pulsa aqu\u00ed. <strong>catal\u00e0<\/strong>, si vols el xec en castell\u00e0 fes click <a href=\"https:\/\/lamasiasallent.com\/es\/producto\/xec-regal-menu-degustacio-es\/\" rel=\"noopener\">aqu\u00ed.<\/a><\/span><\/p>\n<p>\u00a1Haremos que sea un recuerdo memorable!<\/p>\n<p><a href=\"https:\/\/lamasiasallent.com\/wp-content\/uploads\/oct25-CAT-menuDEGUSTACIO-LaMasiaSallent.pdf\" target=\"_blank\" rel=\"noopener\">Aqu\u00ed<\/a> puedes ver el men\u00fa degustaci\u00f3n vigente (el coste del men\u00fa es de 49 \u20ac, m\u00e1s 1 \u20ac en concepto de gastos de gesti\u00f3n por el pago en l\u00ednea).<\/p>","protected":false},"featured_media":7074,"template":"","meta":[],"product_brand":[],"product_cat":[50],"product_tag":[],"class_list":{"0":"post-6743","1":"product","2":"type-product","3":"status-publish","4":"has-post-thumbnail","6":"product_cat-val-regal","8":"first","9":"instock","10":"featured","11":"sold-individually","12":"taxable","13":"shipping-taxable","14":"purchasable","15":"product-type-variable","16":"has-default-attributes"},"_links":{"self":[{"href":"https:\/\/lamasiasallent.com\/es\/wp-json\/wp\/v2\/product\/6743","targetHints":{"allow":["GET"]}}],"collection":[{"href":"https:\/\/lamasiasallent.com\/es\/wp-json\/wp\/v2\/product"}],"about":[{"href":"https:\/\/lamasiasallent.com\/es\/wp-json\/wp\/v2\/types\/product"}],"wp:featuredmedia":[{"embeddable":true,"href":"https:\/\/lamasiasallent.com\/es\/wp-json\/wp\/v2\/media\/7074"}],"wp:attachment":[{"href":"https:\/\/lamasiasallent.com\/es\/wp-json\/wp\/v2\/media?parent=6743"}],"wp:term":[{"taxonomy":"product_brand","embeddable":true,"href":"https:\/\/lamasiasallent.com\/es\/wp-json\/wp\/v2\/product_brand?post=6743"},{"taxonomy":"product_cat","embeddable":true,"href":"https:\/\/lamasiasallent.com\/es\/wp-json\/wp\/v2\/product_cat?post=6743"},{"taxonomy":"product_tag","embeddable":true,"href":"https:\/\/lamasiasallent.com\/es\/wp-json\/wp\/v2\/product_tag?post=6743"}],"curies":[{"name":"wp","href":"https:\/\/api.w.org\/{rel}","templated":true}]}}