
{"id":6737,"date":"2024-08-07T20:13:08","date_gmt":"2024-08-07T18:13:08","guid":{"rendered":"http:\/\/lamasiasallent.com\/tienda\/"},"modified":"2024-10-28T14:17:32","modified_gmt":"2024-10-28T12:17:32","slug":"tienda","status":"publish","type":"page","link":"https:\/\/lamasiasallent.com\/es\/tienda\/","title":{"rendered":"Botiga"},"content":{"rendered":"<p>Escoge uno de los dos productos seg\u00fan si quieres el cheque regalo en catal\u00e1n o en espa\u00f1ol.<\/p>","protected":false},"excerpt":{"rendered":"<p>Escoge uno de los dos productos seg\u00fan si quieres el cheque regalo en catal\u00e1n o en espa\u00f1ol.<\/p>","protected":false},"author":1,"featured_media":0,"parent":0,"menu_order":0,"comment_status":"closed","ping_status":"closed","template":"","meta":{"footnotes":""},"class_list":["post-6737","page","type-page","status-publish","hentry"],"featured_image_src":null,"_links":{"self":[{"href":"https:\/\/lamasiasallent.com\/es\/wp-json\/wp\/v2\/pages\/6737","targetHints":{"allow":["GET"]}}],"collection":[{"href":"https:\/\/lamasiasallent.com\/es\/wp-json\/wp\/v2\/pages"}],"about":[{"href":"https:\/\/lamasiasallent.com\/es\/wp-json\/wp\/v2\/types\/page"}],"author":[{"embeddable":true,"href":"https:\/\/lamasiasallent.com\/es\/wp-json\/wp\/v2\/users\/1"}],"replies":[{"embeddable":true,"href":"https:\/\/lamasiasallent.com\/es\/wp-json\/wp\/v2\/comments?post=6737"}],"version-history":[{"count":2,"href":"https:\/\/lamasiasallent.com\/es\/wp-json\/wp\/v2\/pages\/6737\/revisions"}],"predecessor-version":[{"id":7068,"href":"https:\/\/lamasiasallent.com\/es\/wp-json\/wp\/v2\/pages\/6737\/revisions\/7068"}],"wp:attachment":[{"href":"https:\/\/lamasiasallent.com\/es\/wp-json\/wp\/v2\/media?parent=6737"}],"curies":[{"name":"wp","href":"https:\/\/api.w.org\/{rel}","templated":true}]}}