
{"id":6157,"date":"2021-11-06T12:23:55","date_gmt":"2021-11-06T12:23:55","guid":{"rendered":"http:\/\/lamasiasallent.com\/?page_id=6157"},"modified":"2025-08-11T21:30:55","modified_gmt":"2025-08-11T19:30:55","slug":"carta-menus","status":"publish","type":"page","link":"https:\/\/lamasiasallent.com\/es\/carta-menus\/","title":{"rendered":"Carta y men\u00fas"},"content":{"rendered":"<p>Tambi\u00e9n disponemos de men\u00fas de grupo, en caso de estar interesados \u200b\u200bnos pod\u00e9is enviar un Whatsapp al 93 744 70 11 y os informaremos por all\u00ed. <\/p>\n\n\n\n\n\n<\/p>\n\n\n<div class=\"wp-block-ub-tabbed-content wp-block-ub-tabbed-content-holder wp-block-ub-tabbed-content-horizontal-holder-mobile wp-block-ub-tabbed-content-horizontal-holder-tablet\" id=\"ub-tabbed-content-f222ced9-3148-4655-a604-c2b86cac84b5\" style=\"\">\n\t\t\t<div class=\"wp-block-ub-tabbed-content-tab-holder horizontal-tab-width-mobile horizontal-tab-width-tablet\">\n\t\t\t\t<div role=\"tablist\" class=\"wp-block-ub-tabbed-content-tabs-title wp-block-ub-tabbed-content-tabs-title-mobile-horizontal-tab wp-block-ub-tabbed-content-tabs-title-tablet-horizontal-tab\" style=\"justify-content: flex-start; \"><div role=\"tab\" id=\"ub-tabbed-content-f222ced9-3148-4655-a604-c2b86cac84b5-tab-0\" aria-controls=\"ub-tabbed-content-f222ced9-3148-4655-a604-c2b86cac84b5-panel-0\" aria-selected=\"true\" class=\"wp-block-ub-tabbed-content-tab-title-wrap active\" style=\"--ub-tabbed-title-background-color: #eeeeee; --ub-tabbed-active-title-color: inherit; --ub-tabbed-active-title-background-color: #eeeeee; text-align: left; \" tabindex=\"-1\">\n\t\t\t\t<div class=\"wp-block-ub-tabbed-content-tab-title\">CARTA<\/div>\n\t\t\t<\/div><div role=\"tab\" id=\"ub-tabbed-content-f222ced9-3148-4655-a604-c2b86cac84b5-tab-1\" aria-controls=\"ub-tabbed-content-f222ced9-3148-4655-a604-c2b86cac84b5-panel-1\" aria-selected=\"false\" class=\"wp-block-ub-tabbed-content-tab-title-wrap\" style=\"--ub-tabbed-active-title-color: inherit; --ub-tabbed-active-title-background-color: #eeeeee; text-align: left; \" tabindex=\"-1\">\n\t\t\t\t<div class=\"wp-block-ub-tabbed-content-tab-title\">MEN\u00da DEGUSTACI\u00d3N<\/div>\n\t\t\t<\/div><\/div>\n\t\t\t<\/div>\n\t\t\t<div class=\"wp-block-ub-tabbed-content-tabs-content\" style=\"\"><div role=\"tabpanel\" class=\"wp-block-ub-tabbed-content-tab-content-wrap active\" id=\"ub-tabbed-content-f222ced9-3148-4655-a604-c2b86cac84b5-panel-0\" aria-labelledby=\"ub-tabbed-content-f222ced9-3148-4655-a604-c2b86cac84b5-tab-0\" tabindex=\"0\">\n<p><div class=\"_df_book df-lite\" id=\"df_7464\"  _slug=\"carta-es\" data-title=\"carta-es\" wpoptions=\"true\" thumbtype=\"\" ><\/div><script class=\"df-shortcode-script\" nowprocket type=\"application\/javascript\">window.option_df_7464 = {\"outline\":[],\"viewerType\":\"reader\",\"autoEnableOutline\":\"false\",\"autoEnableThumbnail\":\"false\",\"overwritePDFOutline\":\"false\",\"direction\":\"1\",\"pageSize\":\"0\",\"source\":\"https:\\\/\\\/lamasiasallent.com\\\/wp-content\\\/uploads\\\/carta-LaMasiaSallent-ES.pdf\",\"wpOptions\":\"true\"}; if(window.DFLIP && window.DFLIP.parseBooks){window.DFLIP.parseBooks();}<\/script><\/p>\n\n<\/div><div role=\"tabpanel\" class=\"wp-block-ub-tabbed-content-tab-content-wrap ub-hide\" id=\"ub-tabbed-content-f222ced9-3148-4655-a604-c2b86cac84b5-panel-1\" aria-labelledby=\"ub-tabbed-content-f222ced9-3148-4655-a604-c2b86cac84b5-tab-1\" tabindex=\"0\">\n<p><div class=\"_df_book df-lite\" id=\"df_7490\"  _slug=\"menu-degustacio-es\" data-title=\"menu-degustacio-es\" wpoptions=\"true\" thumbtype=\"\" ><\/div><script class=\"df-shortcode-script\" nowprocket type=\"application\/javascript\">window.option_df_7490 = {\"outline\":[],\"viewerType\":\"reader\",\"autoEnableOutline\":\"false\",\"autoEnableThumbnail\":\"false\",\"overwritePDFOutline\":\"false\",\"direction\":\"1\",\"pageSize\":\"0\",\"source\":\"https:\\\/\\\/lamasiasallent.com\\\/wp-content\\\/uploads\\\/menu-DEGUSTACIO-LaMasiaSallent-ES.pdf\",\"wpOptions\":\"true\"}; if(window.DFLIP && window.DFLIP.parseBooks){window.DFLIP.parseBooks();}<\/script><\/p>\n\n<\/div><\/div>\n\t\t<\/div>\n\n<p>\n\n\n\n<p><\/p>\n\n\n\n<div style=\"height:36px\" aria-hidden=\"true\" class=\"wp-block-spacer\"><\/div>","protected":false},"excerpt":{"rendered":"<p>Tambi\u00e9n disponemos de men\u00fas de grupo, en caso de estar interesados \u200b\u200bnos pod\u00e9is enviar un Whatsapp al 93 744 70 11 y os informaremos por all\u00ed.<\/p>","protected":false},"author":1,"featured_media":0,"parent":0,"menu_order":0,"comment_status":"closed","ping_status":"closed","template":"","meta":{"footnotes":""},"class_list":["post-6157","page","type-page","status-publish","hentry"],"featured_image_src":null,"_links":{"self":[{"href":"https:\/\/lamasiasallent.com\/es\/wp-json\/wp\/v2\/pages\/6157","targetHints":{"allow":["GET"]}}],"collection":[{"href":"https:\/\/lamasiasallent.com\/es\/wp-json\/wp\/v2\/pages"}],"about":[{"href":"https:\/\/lamasiasallent.com\/es\/wp-json\/wp\/v2\/types\/page"}],"author":[{"embeddable":true,"href":"https:\/\/lamasiasallent.com\/es\/wp-json\/wp\/v2\/users\/1"}],"replies":[{"embeddable":true,"href":"https:\/\/lamasiasallent.com\/es\/wp-json\/wp\/v2\/comments?post=6157"}],"version-history":[{"count":47,"href":"https:\/\/lamasiasallent.com\/es\/wp-json\/wp\/v2\/pages\/6157\/revisions"}],"predecessor-version":[{"id":7506,"href":"https:\/\/lamasiasallent.com\/es\/wp-json\/wp\/v2\/pages\/6157\/revisions\/7506"}],"wp:attachment":[{"href":"https:\/\/lamasiasallent.com\/es\/wp-json\/wp\/v2\/media?parent=6157"}],"curies":[{"name":"wp","href":"https:\/\/api.w.org\/{rel}","templated":true}]}}