
{"id":6084,"date":"2021-11-06T10:13:34","date_gmt":"2021-11-06T10:13:34","guid":{"rendered":"http:\/\/lamasiasallent.com\/colibri-wp\/"},"modified":"2025-01-23T18:37:29","modified_gmt":"2025-01-23T16:37:29","slug":"home","status":"publish","type":"page","link":"https:\/\/lamasiasallent.com\/es\/","title":{"rendered":"Homepage"},"content":{"rendered":"<style>\n        .header-video {\n            position: relative;\n            max-height: 750px;\n            overflow: hidden;\n            color: white;\n            margin-bottom: 50px;\n        }\n        .header-video video {\n            width: 100%;\n            height: 100%;\n            object-fit: cover;\n        }\n        .overlay {\n            position: absolute;\n            top: 0;\n            left: 0;\n            width: 100%;\n            height: 100%;\n            background-color: rgba(0, 0, 0, 0.5);\n            display: flex;\n            justify-content: center;\n            align-items: center;\n            flex-direction: column;\n            color: white;\n            text-align: center;\n        }\n        .overlay h1 {\n            font-family: Roboto,Helvetica,Arial,sans-serif;\n            margin: 0;\n            padding: 0 20px;\n            color: white;\n        }\n        .overlay h5 {\n          font-family: Roboto,Helvetica,Arial,sans-serif;\n          margin-top: 10px;\n          color: white;\n        }\n        \n<\/style>\n\n\n\n<div class=\"header-video alignfull\">\n<figure class=\"wp-block-video alignfull\"><video autoplay=\"\" loop=\"\" muted = \"\" src=\"http:\/\/lamasiasallent.com\/wp-content\/uploads\/2024\/06\/720p-dron-lamasiasallent.mov\"><\/video><\/figure>\n        \n   <div class=\"overlay\">\n     <h1>La Masia Sallent<\/h1>\n     <h5>Germans Parareda<\/h5>\n     <div style = \"margin-top: 20px;\">\n     <a class=\"btn btn-md btn-primary hestia-subscribe-button\" href=\"\/es\/reservar\/\">RESERVAR<\/a>\n     <\/div>\n   <\/div>\n<\/div>\n\n\n\n<div class=\"wp-block-columns is-layout-flex wp-container-core-columns-is-layout-28f84493 wp-block-columns-is-layout-flex\">\n<div class=\"wp-block-column is-layout-flow wp-block-column-is-layout-flow\">\n<p><\/p>\n\n\n\n<p class=\"has-text-align-center\">Enmarcado en una fant\u00e1stica mas\u00eda catalana del siglo XII, rodeada de bosques, desde el restaurante La Masia Sallent, Germans Parareda, ofrecemos una propuesta gastr\u00f3nomica catalano-mediterr\u00e1nea, con una base tradicional, herencias de la alta cocina y toques de diferentes lugares del mundo: \u201cpasamos del romesco al curry vindaloo\u201d<\/p>\n<\/div>\n<\/div>\n\n\n\n<div style=\"height:100px\" aria-hidden=\"true\" class=\"wp-block-spacer\"><\/div>\n\n\n\n<figure class=\"wp-block-gallery alignwide has-nested-images columns-default is-cropped wp-block-gallery-1 is-layout-flex wp-block-gallery-is-layout-flex\">\n<figure class=\"wp-block-image size-large\"><a href=\"http:\/\/lamasiasallent.com\/wp-content\/uploads\/2024\/06\/restaurant-lamasiasallent-canelons-red-transf.jpeg\"><img loading=\"lazy\" decoding=\"async\" width=\"673\" height=\"673\" data-id=\"6336\" src=\"http:\/\/lamasiasallent.com\/wp-content\/uploads\/2024\/06\/restaurant-lamasiasallent-canelons-red-transf.jpeg\" alt=\"\" class=\"wp-image-6336\" srcset=\"https:\/\/lamasiasallent.com\/wp-content\/uploads\/2024\/06\/restaurant-lamasiasallent-canelons-red-transf.jpeg 673w, https:\/\/lamasiasallent.com\/wp-content\/uploads\/2024\/06\/restaurant-lamasiasallent-canelons-red-transf-160x160.jpeg 160w, https:\/\/lamasiasallent.com\/wp-content\/uploads\/2024\/06\/restaurant-lamasiasallent-canelons-red-transf-600x600.jpeg 600w, https:\/\/lamasiasallent.com\/wp-content\/uploads\/2024\/06\/restaurant-lamasiasallent-canelons-red-transf-300x300.jpeg 300w, https:\/\/lamasiasallent.com\/wp-content\/uploads\/2024\/06\/restaurant-lamasiasallent-canelons-red-transf-150x150.jpeg 150w, https:\/\/lamasiasallent.com\/wp-content\/uploads\/2024\/06\/restaurant-lamasiasallent-canelons-red-transf-12x12.jpeg 12w\" sizes=\"auto, (max-width: 673px) 100vw, 673px\" \/><\/a><\/figure>\n\n\n\n<figure class=\"wp-block-image size-large\"><a href=\"http:\/\/lamasiasallent.com\/wp-content\/uploads\/2024\/06\/lamasiasallent-plat-tailandes-transf-scaled.jpeg\"><img loading=\"lazy\" decoding=\"async\" width=\"1024\" height=\"1024\" data-id=\"6335\" src=\"http:\/\/lamasiasallent.com\/wp-content\/uploads\/2024\/06\/lamasiasallent-plat-tailandes-transf-1024x1024.jpeg\" alt=\"\" class=\"wp-image-6335\" srcset=\"https:\/\/lamasiasallent.com\/wp-content\/uploads\/2024\/06\/lamasiasallent-plat-tailandes-transf-1024x1024.jpeg 1024w, https:\/\/lamasiasallent.com\/wp-content\/uploads\/2024\/06\/lamasiasallent-plat-tailandes-transf-scaled-160x160.jpeg 160w, https:\/\/lamasiasallent.com\/wp-content\/uploads\/2024\/06\/lamasiasallent-plat-tailandes-transf-scaled-600x600.jpeg 600w, https:\/\/lamasiasallent.com\/wp-content\/uploads\/2024\/06\/lamasiasallent-plat-tailandes-transf-300x300.jpeg 300w, https:\/\/lamasiasallent.com\/wp-content\/uploads\/2024\/06\/lamasiasallent-plat-tailandes-transf-150x150.jpeg 150w, https:\/\/lamasiasallent.com\/wp-content\/uploads\/2024\/06\/lamasiasallent-plat-tailandes-transf-768x768.jpeg 768w, https:\/\/lamasiasallent.com\/wp-content\/uploads\/2024\/06\/lamasiasallent-plat-tailandes-transf-1536x1536.jpeg 1536w, https:\/\/lamasiasallent.com\/wp-content\/uploads\/2024\/06\/lamasiasallent-plat-tailandes-transf-2048x2048.jpeg 2048w, https:\/\/lamasiasallent.com\/wp-content\/uploads\/2024\/06\/lamasiasallent-plat-tailandes-transf-12x12.jpeg 12w\" sizes=\"auto, (max-width: 1024px) 100vw, 1024px\" \/><\/a><\/figure>\n\n\n\n<figure class=\"wp-block-image size-large\"><a href=\"http:\/\/lamasiasallent.com\/wp-content\/uploads\/2024\/06\/lamasiasallent-arroz-paella-red.jpg\"><img loading=\"lazy\" decoding=\"async\" width=\"1024\" height=\"1024\" data-id=\"6334\" src=\"http:\/\/lamasiasallent.com\/wp-content\/uploads\/2024\/06\/lamasiasallent-arroz-paella-red-1024x1024.jpg\" alt=\"\" class=\"wp-image-6334\" srcset=\"https:\/\/lamasiasallent.com\/wp-content\/uploads\/2024\/06\/lamasiasallent-arroz-paella-red-1024x1024.jpg 1024w, https:\/\/lamasiasallent.com\/wp-content\/uploads\/2024\/06\/lamasiasallent-arroz-paella-red-160x160.jpg 160w, https:\/\/lamasiasallent.com\/wp-content\/uploads\/2024\/06\/lamasiasallent-arroz-paella-red-600x600.jpg 600w, https:\/\/lamasiasallent.com\/wp-content\/uploads\/2024\/06\/lamasiasallent-arroz-paella-red-300x300.jpg 300w, https:\/\/lamasiasallent.com\/wp-content\/uploads\/2024\/06\/lamasiasallent-arroz-paella-red-150x150.jpg 150w, https:\/\/lamasiasallent.com\/wp-content\/uploads\/2024\/06\/lamasiasallent-arroz-paella-red-768x768.jpg 768w, https:\/\/lamasiasallent.com\/wp-content\/uploads\/2024\/06\/lamasiasallent-arroz-paella-red-12x12.jpg 12w, https:\/\/lamasiasallent.com\/wp-content\/uploads\/2024\/06\/lamasiasallent-arroz-paella-red.jpg 1192w\" sizes=\"auto, (max-width: 1024px) 100vw, 1024px\" \/><\/a><\/figure>\n\n\n\n<figure class=\"wp-block-image size-large\"><a href=\"http:\/\/lamasiasallent.com\/wp-content\/uploads\/2024\/06\/fricando-cuina_nadal-lamasiasallent-red-transf.jpeg\"><img loading=\"lazy\" decoding=\"async\" width=\"810\" height=\"671\" data-id=\"6333\" src=\"http:\/\/lamasiasallent.com\/wp-content\/uploads\/2024\/06\/fricando-cuina_nadal-lamasiasallent-red-transf.jpeg\" alt=\"\" class=\"wp-image-6333\" srcset=\"https:\/\/lamasiasallent.com\/wp-content\/uploads\/2024\/06\/fricando-cuina_nadal-lamasiasallent-red-transf.jpeg 810w, https:\/\/lamasiasallent.com\/wp-content\/uploads\/2024\/06\/fricando-cuina_nadal-lamasiasallent-red-transf-600x497.jpeg 600w, https:\/\/lamasiasallent.com\/wp-content\/uploads\/2024\/06\/fricando-cuina_nadal-lamasiasallent-red-transf-300x249.jpeg 300w, https:\/\/lamasiasallent.com\/wp-content\/uploads\/2024\/06\/fricando-cuina_nadal-lamasiasallent-red-transf-768x636.jpeg 768w, https:\/\/lamasiasallent.com\/wp-content\/uploads\/2024\/06\/fricando-cuina_nadal-lamasiasallent-red-transf-14x12.jpeg 14w\" sizes=\"auto, (max-width: 810px) 100vw, 810px\" \/><\/a><\/figure>\n\n\n\n<figure class=\"wp-block-image size-large\"><a href=\"http:\/\/lamasiasallent.com\/wp-content\/uploads\/2024\/06\/lamasiasallent-murgoles-temporada-red.jpg\"><img loading=\"lazy\" decoding=\"async\" width=\"925\" height=\"924\" data-id=\"6329\" src=\"http:\/\/lamasiasallent.com\/wp-content\/uploads\/2024\/06\/lamasiasallent-murgoles-temporada-red.jpg\" alt=\"M\u00fargoles a la crema farcides amb foie\" class=\"wp-image-6329\" srcset=\"https:\/\/lamasiasallent.com\/wp-content\/uploads\/2024\/06\/lamasiasallent-murgoles-temporada-red.jpg 925w, https:\/\/lamasiasallent.com\/wp-content\/uploads\/2024\/06\/lamasiasallent-murgoles-temporada-red-160x160.jpg 160w, https:\/\/lamasiasallent.com\/wp-content\/uploads\/2024\/06\/lamasiasallent-murgoles-temporada-red-600x599.jpg 600w, https:\/\/lamasiasallent.com\/wp-content\/uploads\/2024\/06\/lamasiasallent-murgoles-temporada-red-300x300.jpg 300w, https:\/\/lamasiasallent.com\/wp-content\/uploads\/2024\/06\/lamasiasallent-murgoles-temporada-red-150x150.jpg 150w, https:\/\/lamasiasallent.com\/wp-content\/uploads\/2024\/06\/lamasiasallent-murgoles-temporada-red-768x767.jpg 768w, https:\/\/lamasiasallent.com\/wp-content\/uploads\/2024\/06\/lamasiasallent-murgoles-temporada-red-12x12.jpg 12w\" sizes=\"auto, (max-width: 925px) 100vw, 925px\" \/><\/a><\/figure>\n\n\n\n<figure class=\"wp-block-image size-large\"><a href=\"http:\/\/lamasiasallent.com\/wp-content\/uploads\/2024\/06\/cheesecake-lamasiasallent-formatge-red.jpg\"><img loading=\"lazy\" decoding=\"async\" width=\"1011\" height=\"1010\" data-id=\"6322\" src=\"http:\/\/lamasiasallent.com\/wp-content\/uploads\/2024\/06\/cheesecake-lamasiasallent-formatge-red.jpg\" alt=\"tarta de formatge cremosa\" class=\"wp-image-6322\" srcset=\"https:\/\/lamasiasallent.com\/wp-content\/uploads\/2024\/06\/cheesecake-lamasiasallent-formatge-red.jpg 1011w, https:\/\/lamasiasallent.com\/wp-content\/uploads\/2024\/06\/cheesecake-lamasiasallent-formatge-red-160x160.jpg 160w, https:\/\/lamasiasallent.com\/wp-content\/uploads\/2024\/06\/cheesecake-lamasiasallent-formatge-red-600x599.jpg 600w, https:\/\/lamasiasallent.com\/wp-content\/uploads\/2024\/06\/cheesecake-lamasiasallent-formatge-red-300x300.jpg 300w, https:\/\/lamasiasallent.com\/wp-content\/uploads\/2024\/06\/cheesecake-lamasiasallent-formatge-red-150x150.jpg 150w, https:\/\/lamasiasallent.com\/wp-content\/uploads\/2024\/06\/cheesecake-lamasiasallent-formatge-red-768x767.jpg 768w, https:\/\/lamasiasallent.com\/wp-content\/uploads\/2024\/06\/cheesecake-lamasiasallent-formatge-red-12x12.jpg 12w\" sizes=\"auto, (max-width: 1011px) 100vw, 1011px\" \/><\/a><\/figure>\n<\/figure>\n\n\n\n<div style=\"height:71px\" aria-hidden=\"true\" class=\"wp-block-spacer\"><\/div>","protected":false},"excerpt":{"rendered":"<p>La Masia Sallent Germans Parareda RESERVAR Emmarcat dins una fant\u00e0stica masia catalana del segle XII, envoltada de boscos, des del restaurant La Masia Sallent, Germans Parareda, oferim una proposta gastr\u00f2nomica catalano-mediterr\u00e0nia amb una base tradicional, her\u00e8ncies de l\u2019alta cuina i tocs de diferents llocs del m\u00f3n: &#8220;passem del romesco al [&hellip;]<\/p>\n","protected":false},"author":1,"featured_media":0,"parent":0,"menu_order":0,"comment_status":"closed","ping_status":"closed","template":"","meta":{"footnotes":""},"class_list":["post-6084","page","type-page","status-publish","hentry"],"featured_image_src":null,"_links":{"self":[{"href":"https:\/\/lamasiasallent.com\/es\/wp-json\/wp\/v2\/pages\/6084","targetHints":{"allow":["GET"]}}],"collection":[{"href":"https:\/\/lamasiasallent.com\/es\/wp-json\/wp\/v2\/pages"}],"about":[{"href":"https:\/\/lamasiasallent.com\/es\/wp-json\/wp\/v2\/types\/page"}],"author":[{"embeddable":true,"href":"https:\/\/lamasiasallent.com\/es\/wp-json\/wp\/v2\/users\/1"}],"replies":[{"embeddable":true,"href":"https:\/\/lamasiasallent.com\/es\/wp-json\/wp\/v2\/comments?post=6084"}],"version-history":[{"count":107,"href":"https:\/\/lamasiasallent.com\/es\/wp-json\/wp\/v2\/pages\/6084\/revisions"}],"predecessor-version":[{"id":7183,"href":"https:\/\/lamasiasallent.com\/es\/wp-json\/wp\/v2\/pages\/6084\/revisions\/7183"}],"wp:attachment":[{"href":"https:\/\/lamasiasallent.com\/es\/wp-json\/wp\/v2\/media?parent=6084"}],"curies":[{"name":"wp","href":"https:\/\/api.w.org\/{rel}","templated":true}]}}